{"id":852,"date":"2024-04-29T11:50:15","date_gmt":"2024-04-29T09:50:15","guid":{"rendered":"https:\/\/annagoudeau.com\/?page_id=852"},"modified":"2024-05-02T10:01:43","modified_gmt":"2024-05-02T08:01:43","slug":"elementor-852","status":"publish","type":"page","link":"https:\/\/annagoudeau.com\/index.php\/elementor-852\/","title":{"rendered":"Hack night"},"content":{"rendered":"\t\t<div data-elementor-type=\"wp-page\" data-elementor-id=\"852\" class=\"elementor elementor-852\">\n\t\t\t\t<div class=\"has_eae_slider elementor-element elementor-element-940c89e e-flex e-con-boxed e-con e-parent\" data-id=\"940c89e\" data-element_type=\"container\" data-settings=\"{&quot;content_width&quot;:&quot;boxed&quot;,&quot;_ha_eqh_enable&quot;:false}\" data-core-v316-plus=\"true\">\n\t\t\t\t\t<div class=\"e-con-inner\">\n\t\t<div class=\"has_eae_slider elementor-element elementor-element-a9c74a9 e-con-full e-flex e-con e-child\" data-id=\"a9c74a9\" data-element_type=\"container\" data-settings=\"{&quot;content_width&quot;:&quot;full&quot;,&quot;_ha_eqh_enable&quot;:false}\">\n\t\t\t\t<\/div>\n\t\t<div class=\"has_eae_slider elementor-element elementor-element-92a630f e-con-full e-flex e-con e-child\" data-id=\"92a630f\" data-element_type=\"container\" data-settings=\"{&quot;content_width&quot;:&quot;full&quot;,&quot;_ha_eqh_enable&quot;:false}\">\n\t\t\t\t<\/div>\n\t\t<div class=\"has_eae_slider elementor-element elementor-element-f800d55 e-con-full e-flex e-con e-child\" data-id=\"f800d55\" data-element_type=\"container\" data-settings=\"{&quot;content_width&quot;:&quot;full&quot;,&quot;_ha_eqh_enable&quot;:false}\">\n\t\t\t\t<\/div>\n\t\t<div class=\"has_eae_slider elementor-element elementor-element-1cb6de9 e-con-full e-flex e-con e-child\" data-id=\"1cb6de9\" data-element_type=\"container\" data-settings=\"{&quot;content_width&quot;:&quot;full&quot;,&quot;_ha_eqh_enable&quot;:false}\">\n\t\t\t\t<\/div>\n\t\t\t\t\t<\/div>\n\t\t\t\t<\/div>\n\t\t<div class=\"has_eae_slider elementor-element elementor-element-5ff6875 e-flex e-con-boxed e-con e-parent\" data-id=\"5ff6875\" data-element_type=\"container\" data-settings=\"{&quot;content_width&quot;:&quot;boxed&quot;,&quot;_ha_eqh_enable&quot;:false}\" data-core-v316-plus=\"true\">\n\t\t\t\t\t<div class=\"e-con-inner\">\n\t\t<div class=\"has_eae_slider elementor-element elementor-element-3b0e59f e-con-full e-flex e-con e-child\" data-id=\"3b0e59f\" data-element_type=\"container\" data-settings=\"{&quot;content_width&quot;:&quot;full&quot;,&quot;_ha_eqh_enable&quot;:false}\">\n\t\t\t\t<div class=\"elementor-element elementor-element-6de4522 elementor-widget elementor-widget-text-editor\" data-id=\"6de4522\" data-element_type=\"widget\" data-widget_type=\"text-editor.default\">\n\t\t\t\t<div class=\"elementor-widget-container\">\n\t\t\t<style>\/*! elementor - v3.19.0 - 07-02-2024 *\/\n.elementor-widget-text-editor.elementor-drop-cap-view-stacked .elementor-drop-cap{background-color:#69727d;color:#fff}.elementor-widget-text-editor.elementor-drop-cap-view-framed .elementor-drop-cap{color:#69727d;border:3px solid;background-color:transparent}.elementor-widget-text-editor:not(.elementor-drop-cap-view-default) .elementor-drop-cap{margin-top:8px}.elementor-widget-text-editor:not(.elementor-drop-cap-view-default) .elementor-drop-cap-letter{width:1em;height:1em}.elementor-widget-text-editor .elementor-drop-cap{float:left;text-align:center;line-height:1;font-size:50px}.elementor-widget-text-editor .elementor-drop-cap-letter{display:inline-block}<\/style>\t\t\t\t<h2><strong>HACKNIGHT&nbsp;<\/strong><\/h2>\n<p>Un fablab est un lieu d\u2019apprentissage, mais surtout un lieu de cr\u00e9ation. Dans ce projet, r\u00e9alis\u00e9 dans le cadre de mes cours, j\u2019ai d\u00e9cid\u00e9 de m\u00e9ler&nbsp;<span style=\"text-align: var(--text-align);\">design graphique, intelligence artificielle ainsi que&nbsp;<\/span><span style=\"text-align: var(--text-align);\">collages, afin de cr\u00e9er les supports de publicit\u00e9&nbsp;<\/span><span style=\"text-align: var(--text-align);\">d\u2019un \u00e9v\u00e8nement produit par le Fablab de Lille, qui&nbsp;<\/span><span style=\"text-align: var(--text-align);\">vise \u00e0 ouvrir ses portes au public pour enseigner&nbsp;<\/span><span style=\"text-align: var(--text-align);\">au plus grand monde la technologie sous toutes&nbsp;<\/span><span style=\"text-align: var(--text-align);\">ses formes.<\/span><\/p>\t\t\t\t\t\t<\/div>\n\t\t\t\t<\/div>\n\t\t\t\t<\/div>\n\t\t<div class=\"has_eae_slider elementor-element elementor-element-b87252c e-con-full e-flex e-con e-child\" data-id=\"b87252c\" data-element_type=\"container\" data-settings=\"{&quot;content_width&quot;:&quot;full&quot;,&quot;_ha_eqh_enable&quot;:false}\">\n\t\t\t\t<div class=\"elementor-element elementor-element-57e35f7 elementor-widget elementor-widget-image\" data-id=\"57e35f7\" data-element_type=\"widget\" data-widget_type=\"image.default\">\n\t\t\t\t<div class=\"elementor-widget-container\">\n\t\t\t<style>\/*! elementor - v3.19.0 - 07-02-2024 *\/\n.elementor-widget-image{text-align:center}.elementor-widget-image a{display:inline-block}.elementor-widget-image a img[src$=\".svg\"]{width:48px}.elementor-widget-image img{vertical-align:middle;display:inline-block}<\/style>\t\t\t\t\t\t\t\t\t\t<img fetchpriority=\"high\" decoding=\"async\" width=\"680\" height=\"998\" src=\"https:\/\/annagoudeau.com\/wp-content\/uploads\/2024\/05\/hacknight.png\" class=\"attachment-large size-large wp-image-861\" alt=\"\" srcset=\"https:\/\/annagoudeau.com\/wp-content\/uploads\/2024\/05\/hacknight.png 680w, https:\/\/annagoudeau.com\/wp-content\/uploads\/2024\/05\/hacknight-204x300.png 204w\" sizes=\"(max-width: 680px) 100vw, 680px\" \/>\t\t\t\t\t\t\t\t\t\t\t\t\t<\/div>\n\t\t\t\t<\/div>\n\t\t\t\t<\/div>\n\t\t\t\t\t<\/div>\n\t\t\t\t<\/div>\n\t\t\t\t<\/div>\n\t\t","protected":false},"excerpt":{"rendered":"<p>HACKNIGHT&nbsp; Un fablab est un lieu d\u2019apprentissage, mais surtout un lieu de cr\u00e9ation. Dans ce projet, r\u00e9alis\u00e9 dans le cadre de mes cours, j\u2019ai d\u00e9cid\u00e9 de m\u00e9ler&nbsp;design graphique, intelligence artificielle ainsi que&nbsp;collages, afin de cr\u00e9er les supports de publicit\u00e9&nbsp;d\u2019un \u00e9v\u00e8nement produit par le Fablab de Lille, qui&nbsp;vise \u00e0 ouvrir ses portes au public pour enseigner&nbsp;au [&hellip;]<\/p>\n","protected":false},"author":1,"featured_media":0,"parent":0,"menu_order":0,"comment_status":"closed","ping_status":"closed","template":"","meta":{"footnotes":""},"class_list":["post-852","page","type-page","status-publish","hentry"],"_links":{"self":[{"href":"https:\/\/annagoudeau.com\/index.php\/wp-json\/wp\/v2\/pages\/852","targetHints":{"allow":["GET"]}}],"collection":[{"href":"https:\/\/annagoudeau.com\/index.php\/wp-json\/wp\/v2\/pages"}],"about":[{"href":"https:\/\/annagoudeau.com\/index.php\/wp-json\/wp\/v2\/types\/page"}],"author":[{"embeddable":true,"href":"https:\/\/annagoudeau.com\/index.php\/wp-json\/wp\/v2\/users\/1"}],"replies":[{"embeddable":true,"href":"https:\/\/annagoudeau.com\/index.php\/wp-json\/wp\/v2\/comments?post=852"}],"version-history":[{"count":15,"href":"https:\/\/annagoudeau.com\/index.php\/wp-json\/wp\/v2\/pages\/852\/revisions"}],"predecessor-version":[{"id":887,"href":"https:\/\/annagoudeau.com\/index.php\/wp-json\/wp\/v2\/pages\/852\/revisions\/887"}],"wp:attachment":[{"href":"https:\/\/annagoudeau.com\/index.php\/wp-json\/wp\/v2\/media?parent=852"}],"curies":[{"name":"wp","href":"https:\/\/api.w.org\/{rel}","templated":true}]}}